{"id":21,"date":"2022-10-07T08:57:00","date_gmt":"2022-10-07T08:57:00","guid":{"rendered":"http:\/\/emil@limemedia.se"},"modified":"2023-10-13T15:14:46","modified_gmt":"2023-10-13T15:14:46","slug":"bungysthlm","status":"publish","type":"page","link":"https:\/\/www.bungysthlm.se\/en\/","title":{"rendered":"Bungy Sthlm"},"content":{"rendered":"<div data-elementor-type=\"wp-page\" data-elementor-id=\"21\" class=\"elementor elementor-21\" data-elementor-post-type=\"page\">\n\t\t\t\t\t\t<section class=\"elementor-section elementor-top-section elementor-element elementor-element-1c8bba9 elementor-section-height-min-height elementor-section-items-stretch elementor-section-content-middle elementor-section-boxed elementor-section-height-default\" data-id=\"1c8bba9\" data-element_type=\"section\" data-e-type=\"section\">\n\t\t\t\t\t\t<div class=\"elementor-container elementor-column-gap-default\">\n\t\t\t\t\t<div class=\"elementor-column elementor-col-50 elementor-top-column elementor-element elementor-element-4ec2856\" data-id=\"4ec2856\" data-element_type=\"column\" data-e-type=\"column\" data-settings=\"{&quot;background_background&quot;:&quot;classic&quot;}\">\n\t\t\t<div class=\"elementor-widget-wrap elementor-element-populated\">\n\t\t\t\t\t\t<div class=\"elementor-element elementor-element-e93f32f elementor-widget elementor-widget-image\" data-id=\"e93f32f\" data-element_type=\"widget\" data-e-type=\"widget\" data-widget_type=\"image.default\">\n\t\t\t\t<div class=\"elementor-widget-container\">\n\t\t\t\t\t\t\t\t\t\t\t\t\t\t\t<img decoding=\"async\" src=\"https:\/\/www.bungysthlm.se\/wp-content\/uploads\/elementor\/thumbs\/frontPage_zoom-qcqds11hpjn25li98aiiq46kkrgxl4r00bseizzoag-1-qdt2eybtomkmdlqche08cqqdtqt3gcxbl5y5ucfs8o.webp\" title=\"frontPage_zoom-qcqds11hpjn25li98aiiq46kkrgxl4r00bseizzoag\" alt=\"frontPage_zoom-qcqds11hpjn25li98aiiq46kkrgxl4r00bseizzoag\" loading=\"lazy\" \/>\t\t\t\t\t\t\t\t\t\t\t\t\t\t\t<\/div>\n\t\t\t\t<\/div>\n\t\t\t\t<div class=\"elementor-element elementor-element-b08d248 title elementor-widget elementor-widget-heading\" data-id=\"b08d248\" data-element_type=\"widget\" data-e-type=\"widget\" data-widget_type=\"heading.default\">\n\t\t\t\t<div class=\"elementor-widget-container\">\n\t\t\t\t\t<h2 class=\"elementor-heading-title elementor-size-default\"><a href=\"http:\/\/www.bungysthlm.se\/en\/bungy-jump\/\">Bungee jump<\/a><\/h2>\t\t\t\t<\/div>\n\t\t\t\t<\/div>\n\t\t\t\t<div class=\"elementor-element elementor-element-8c61a08 elementor-widget elementor-widget-text-editor\" data-id=\"8c61a08\" data-element_type=\"widget\" data-e-type=\"widget\" data-widget_type=\"text-editor.default\">\n\t\t\t\t<div class=\"elementor-widget-container\">\n\t\t\t\t\t\t\t\t\t<p>A once in a lifetime experience that you only can get through us. The world\u00b4s highest Bungy Jump from a free flying hot air balloon. Are you ready for the challenge?<\/p>\t\t\t\t\t\t\t\t<\/div>\n\t\t\t\t<\/div>\n\t\t\t\t<div class=\"elementor-element elementor-element-3b1789b elementor-align-center elementor-widget elementor-widget-button\" data-id=\"3b1789b\" data-element_type=\"widget\" data-e-type=\"widget\" data-widget_type=\"button.default\">\n\t\t\t\t<div class=\"elementor-widget-container\">\n\t\t\t\t\t\t\t\t\t<div class=\"elementor-button-wrapper\">\n\t\t\t\t\t<a class=\"elementor-button elementor-button-link elementor-size-sm\" href=\"https:\/\/www.bungysthlm.se\/en\/bungysthlm\/bungy-jump\/\">\n\t\t\t\t\t\t<span class=\"elementor-button-content-wrapper\">\n\t\t\t\t\t\t\t\t\t<span class=\"elementor-button-text\">Read more<\/span>\n\t\t\t\t\t<\/span>\n\t\t\t\t\t<\/a>\n\t\t\t\t<\/div>\n\t\t\t\t\t\t\t\t<\/div>\n\t\t\t\t<\/div>\n\t\t\t\t\t<\/div>\n\t\t<\/div>\n\t\t\t\t<div class=\"elementor-column elementor-col-50 elementor-top-column elementor-element elementor-element-96d9583\" data-id=\"96d9583\" data-element_type=\"column\" data-e-type=\"column\" data-settings=\"{&quot;background_background&quot;:&quot;classic&quot;}\">\n\t\t\t<div class=\"elementor-widget-wrap elementor-element-populated\">\n\t\t\t\t\t\t<div class=\"elementor-element elementor-element-ba0aa6d elementor-widget elementor-widget-image\" data-id=\"ba0aa6d\" data-element_type=\"widget\" data-e-type=\"widget\" data-widget_type=\"image.default\">\n\t\t\t\t<div class=\"elementor-widget-container\">\n\t\t\t\t\t\t\t\t\t\t\t\t\t\t\t<img decoding=\"async\" src=\"https:\/\/www.bungysthlm.se\/wp-content\/uploads\/elementor\/thumbs\/Screenshot-2022-10-30-at-13.12.19-e1667147838909-qcqdt0rcx8zyes2dfpyccv635ekvpmost8kuriipq0-2-qdt2gc59qugtgxpzehjgiw5tb5zjsbf3g0iwa0dx2w.webp\" title=\"Screenshot-2022-10-30-at-13.12.19-e1667147838909-qcqdt0rcx8zyes2dfpyccv635ekvpmost8kuriipq0\" alt=\"Screenshot-2022-10-30-at-13.12.19-e1667147838909-qcqdt0rcx8zyes2dfpyccv635ekvpmost8kuriipq0\" loading=\"lazy\" \/>\t\t\t\t\t\t\t\t\t\t\t\t\t\t\t<\/div>\n\t\t\t\t<\/div>\n\t\t\t\t<div class=\"elementor-element elementor-element-26cb370 title elementor-widget elementor-widget-heading\" data-id=\"26cb370\" data-element_type=\"widget\" data-e-type=\"widget\" data-widget_type=\"heading.default\">\n\t\t\t\t<div class=\"elementor-widget-container\">\n\t\t\t\t\t<h3 class=\"elementor-heading-title elementor-size-small\"><a href=\"https:\/\/www.bungysthlm.se\/en\/bungysthlm\/ballongflygning\/\">Balloon Ride<\/a><\/h3>\t\t\t\t<\/div>\n\t\t\t\t<\/div>\n\t\t\t\t<div class=\"elementor-element elementor-element-8f8e7c6 elementor-widget elementor-widget-text-editor\" data-id=\"8f8e7c6\" data-element_type=\"widget\" data-e-type=\"widget\" data-widget_type=\"text-editor.default\">\n\t\t\t\t<div class=\"elementor-widget-container\">\n\t\t\t\t\t\t\t\t\t<p>A hot air balloon is the world&#039;s oldest aircraft which today is synonymous with beautiful summer evenings. Experience the magic of hot air ballooning. We mainly fly in V\u00e4ster\u00e5s and Enk\u00f6ping.<\/p>\t\t\t\t\t\t\t\t<\/div>\n\t\t\t\t<\/div>\n\t\t\t\t<div class=\"elementor-element elementor-element-80a59f9 elementor-align-center elementor-widget elementor-widget-button\" data-id=\"80a59f9\" data-element_type=\"widget\" data-e-type=\"widget\" data-widget_type=\"button.default\">\n\t\t\t\t<div class=\"elementor-widget-container\">\n\t\t\t\t\t\t\t\t\t<div class=\"elementor-button-wrapper\">\n\t\t\t\t\t<a class=\"elementor-button elementor-button-link elementor-size-sm\" href=\"https:\/\/www.bungysthlm.se\/en\/bungysthlm\/ballongflygning\/\">\n\t\t\t\t\t\t<span class=\"elementor-button-content-wrapper\">\n\t\t\t\t\t\t\t\t\t<span class=\"elementor-button-text\">Read more<\/span>\n\t\t\t\t\t<\/span>\n\t\t\t\t\t<\/a>\n\t\t\t\t<\/div>\n\t\t\t\t\t\t\t\t<\/div>\n\t\t\t\t<\/div>\n\t\t\t\t\t<\/div>\n\t\t<\/div>\n\t\t\t\t\t<\/div>\n\t\t<\/section>\n\t\t\t\t<\/div>","protected":false},"excerpt":{"rendered":"<p>Bungyjump En once-in-a-lifetime upplevelse som du bara kan f\u00e5 genom oss. V\u00e4rldens absolut h\u00f6gsta Bungy Jump fr\u00e5n en friflygande luftballong. \u00c4r du redo f\u00f6r utmaningen? L\u00e4s mer Ballongflygning En luftballong \u00e4r v\u00e4rldens \u00e4ldsta luftfartyg som idag \u00e4r synonym med vackra sommarkv\u00e4llar. Upplev ballongflygningens magi. Vi flyger framf\u00f6rallt i V\u00e4ster\u00e5s och Enk\u00f6ping. L\u00e4s mer<\/p>","protected":false},"author":3,"featured_media":1861,"parent":0,"menu_order":0,"comment_status":"closed","ping_status":"closed","template":"elementor_header_footer","meta":{"footnotes":""},"class_list":["post-21","page","type-page","status-publish","has-post-thumbnail","hentry"],"_links":{"self":[{"href":"https:\/\/www.bungysthlm.se\/en\/wp-json\/wp\/v2\/pages\/21","targetHints":{"allow":["GET"]}}],"collection":[{"href":"https:\/\/www.bungysthlm.se\/en\/wp-json\/wp\/v2\/pages"}],"about":[{"href":"https:\/\/www.bungysthlm.se\/en\/wp-json\/wp\/v2\/types\/page"}],"author":[{"embeddable":true,"href":"https:\/\/www.bungysthlm.se\/en\/wp-json\/wp\/v2\/users\/3"}],"replies":[{"embeddable":true,"href":"https:\/\/www.bungysthlm.se\/en\/wp-json\/wp\/v2\/comments?post=21"}],"version-history":[{"count":280,"href":"https:\/\/www.bungysthlm.se\/en\/wp-json\/wp\/v2\/pages\/21\/revisions"}],"predecessor-version":[{"id":12468,"href":"https:\/\/www.bungysthlm.se\/en\/wp-json\/wp\/v2\/pages\/21\/revisions\/12468"}],"wp:featuredmedia":[{"embeddable":true,"href":"https:\/\/www.bungysthlm.se\/en\/wp-json\/wp\/v2\/media\/1861"}],"wp:attachment":[{"href":"https:\/\/www.bungysthlm.se\/en\/wp-json\/wp\/v2\/media?parent=21"}],"curies":[{"name":"wp","href":"https:\/\/api.w.org\/{rel}","templated":true}]}}