{"id":947,"date":"2022-10-21T07:41:53","date_gmt":"2022-10-21T07:41:53","guid":{"rendered":"http:\/\/www.bungysthlm.se\/?post_type=product&#038;p=947"},"modified":"2026-01-30T19:54:40","modified_gmt":"2026-01-30T19:54:40","slug":"bungy-jump","status":"publish","type":"product","link":"https:\/\/www.bungysthlm.se\/en\/product\/bungy-jump\/","title":{"rendered":"Balloon Bungee"},"content":{"rendered":"<div data-elementor-type=\"product-post\" data-elementor-id=\"947\" class=\"elementor elementor-947\" data-elementor-post-type=\"product\">\n\t\t\t\t\t\t<section class=\"elementor-section elementor-top-section elementor-element elementor-element-4ae70a3a elementor-section-boxed elementor-section-height-default elementor-section-height-default\" data-id=\"4ae70a3a\" data-element_type=\"section\" data-e-type=\"section\">\n\t\t\t\t\t\t<div class=\"elementor-container elementor-column-gap-default\">\n\t\t\t\t\t<div class=\"elementor-column elementor-col-100 elementor-top-column elementor-element elementor-element-2b2c484\" data-id=\"2b2c484\" data-element_type=\"column\" data-e-type=\"column\">\n\t\t\t<div class=\"elementor-widget-wrap elementor-element-populated\">\n\t\t\t\t\t\t<div class=\"elementor-element elementor-element-52e552d0 elementor-widget elementor-widget-text-editor\" data-id=\"52e552d0\" data-element_type=\"widget\" data-e-type=\"widget\" data-widget_type=\"text-editor.default\">\n\t\t\t\t<div class=\"elementor-widget-container\">\n\t\t\t\t\t\t\t\t\t<div><strong>Adult<\/strong>: 5995 SEK<\/div>\n<div><strong>Student\/Youth<\/strong>&nbsp;5395 SEK&nbsp;<\/div>\n<div>\n<p><strong>Group Price (5 persons):<\/strong>&nbsp;5395 SEK\/person<br><br><\/p>\n<p><span style=\"text-decoration-line: underline;\">The prices include rental of the GoPro MAX film kit!<\/span><\/p>\n<\/div>\n<div style=\"color: #ffffff;border:2px solid red;padding: 10px\">Note! If you are purchasing Bungee Jumping,  you are eligible to purchase one (1) balloon ride at a discounted price below (Balloon Bungee Buddy). It does not matter which one will be jumping.<br><br><\/div>\t\t\t\t\t\t\t\t<\/div>\n\t\t\t\t<\/div>\n\t\t\t\t\t<\/div>\n\t\t<\/div>\n\t\t\t\t\t<\/div>\n\t\t<\/section>\n\t\t\t\t<\/div>","protected":false},"excerpt":{"rendered":"<p>Vuxen: 5995 SEK Student\/ungdom:&nbsp;5395 SEK&nbsp; Grupp-pris (minst 5 personer):&nbsp;5395 SEK per person Priserna g\u00e4ller inkl. GoPro filmkit OBS! Om du best\u00e4ller Bungyjump \u00e4r du ber\u00e4ttigad till att k\u00f6pa en (1) ballongflygning till rabatterat pris nedan (Medresen\u00e4r Bungy Jump). Det spelar ingen roll vem som ska hoppa Bungy Jump.<\/p>","protected":false},"featured_media":9000,"template":"","meta":[],"product_brand":[],"product_cat":[20,46],"product_tag":[21,45],"class_list":{"0":"post-947","1":"product","2":"type-product","3":"status-publish","4":"has-post-thumbnail","6":"product_cat-bungyjump","7":"product_cat-nav-head","8":"product_tag-bungyjump","9":"product_tag-small-header","11":"first","12":"instock","13":"taxable","14":"shipping-taxable","15":"purchasable","16":"product-type-variable"},"_links":{"self":[{"href":"https:\/\/www.bungysthlm.se\/en\/wp-json\/wp\/v2\/product\/947","targetHints":{"allow":["GET"]}}],"collection":[{"href":"https:\/\/www.bungysthlm.se\/en\/wp-json\/wp\/v2\/product"}],"about":[{"href":"https:\/\/www.bungysthlm.se\/en\/wp-json\/wp\/v2\/types\/product"}],"version-history":[{"count":44,"href":"https:\/\/www.bungysthlm.se\/en\/wp-json\/wp\/v2\/product\/947\/revisions"}],"predecessor-version":[{"id":12615,"href":"https:\/\/www.bungysthlm.se\/en\/wp-json\/wp\/v2\/product\/947\/revisions\/12615"}],"wp:featuredmedia":[{"embeddable":true,"href":"https:\/\/www.bungysthlm.se\/en\/wp-json\/wp\/v2\/media\/9000"}],"wp:attachment":[{"href":"https:\/\/www.bungysthlm.se\/en\/wp-json\/wp\/v2\/media?parent=947"}],"wp:term":[{"taxonomy":"product_brand","embeddable":true,"href":"https:\/\/www.bungysthlm.se\/en\/wp-json\/wp\/v2\/product_brand?post=947"},{"taxonomy":"product_cat","embeddable":true,"href":"https:\/\/www.bungysthlm.se\/en\/wp-json\/wp\/v2\/product_cat?post=947"},{"taxonomy":"product_tag","embeddable":true,"href":"https:\/\/www.bungysthlm.se\/en\/wp-json\/wp\/v2\/product_tag?post=947"}],"curies":[{"name":"wp","href":"https:\/\/api.w.org\/{rel}","templated":true}]}}